{"id":5124,"date":"2024-02-19T16:09:18","date_gmt":"2024-02-19T14:09:18","guid":{"rendered":"https:\/\/vogel.si\/?page_id=5124"},"modified":"2026-04-27T19:26:47","modified_gmt":"2026-04-27T17:26:47","slug":"winter","status":"publish","type":"page","link":"https:\/\/vogel.si\/en\/winter\/","title":{"rendered":"Vogel Ski Resort"},"content":{"rendered":"<p><span><a href=\"https:\/\/vogel.si\/en\/zadnji-vogel-circular-cable-car-ride\/\"><img decoding=\"async\" alt=\"Evropski sklad za regionalni razvoj\" data-id=\"5483\" width=\"200\" data-init-width=\"400\" height=\"97\" data-init-height=\"193\" title=\"Evropski_sklad_za_regionalni_razvoj\" loading=\"lazy\" src=\"https:\/\/vogel.si\/wp-content\/uploads\/2024\/03\/Evropski_sklad_za_regionalni_razvoj.jpg?x13823&amp;x13823&amp;x13823&amp;x13823&amp;x13823&amp;x13823&amp;x13823&amp;x65273&amp;x65273&amp;x32187&amp;x46942&amp;x46942&amp;x46942&amp;x38760&amp;x28010&amp;x28010&amp;x22591&amp;x22591&amp;x22591&amp;x97463&amp;x97463&amp;x96263&amp;x96263&amp;x96263&amp;x43941&amp;x43941&amp;x43941&amp;x96155&amp;x96155&amp;x96155&amp;x87356&amp;x87356&amp;x87356&amp;x87356&amp;x55845&amp;x55845&amp;x55845&amp;x48898&amp;x17805&amp;x33282&amp;x33282&amp;x33282&amp;x33282&amp;x33282&amp;x33282&amp;x29782&amp;x66705&amp;x66705&amp;x66705&amp;x66705&amp;x66705&amp;x66705&amp;x66705&amp;x29339&amp;x57903&amp;x81262&amp;x36202&amp;x26975&amp;x57120&amp;x39038&amp;x87770&amp;x56153&amp;x42037&amp;x73216\" data-width=\"200\" data-height=\"97\" style=\"aspect-ratio: auto 400 \/ 193;\" data-link-wrap=\"true\"><\/a><\/span><\/p>\n<p>We closed the 2025\/26 ski season on April 6, 2026. Thank you for visiting!<\/p>\n<h3 style=\"text-align: center;\">Operating hours<\/h3>\n<p style=\"text-align: left;\"><strong>Cable car: <\/strong>8:00h - 18.00h<br \/>Every half hour.<\/p>\n<p style=\"text-align: left;\"><strong>Ski resort:&nbsp;<\/strong>\/<\/p>\n<p> <a href=\"https:\/\/vogel.si\/en\/current-conditions\/#status\">  <\/p>\n<p style=\"text-align: center;\">Operating<\/p>\n<p style=\"text-align: center;\"><span style=\"font-weight: normal;\">1\/9<\/span> &nbsp;lifts<\/p>\n<p style=\"text-align: center;\"><span style=\"font-weight: normal;\">0 km\/ 22 km<\/span> &nbsp;slopes<\/p>\n<p> <\/a><a href=\"https:\/\/vogel.si\/en\/weather\/\" rel=\"\">  <\/p>\n<p style=\"text-align: center;\">Weather<\/p>\n<p style=\"text-align: center;\"><div id=\"footable_parent_3721\"\n         class=\"ninja-footable-loader footable_parent ninja_table_wrapper loading_ninja_table wp_table_data_press_parent semantic_ui \">\n                <table data-ninja_table_instance=\"ninja_table_instance_0\" data-footable_id=\"3721\" data-filter-delay=\"1000\" aria-label=\"Trenutno vreme (LIVE)\"            id=\"footable_3721\"\n           data-unique_identifier=\"ninja_table_unique_id_1796857757_3721\"\n           class=\" foo-table ninja_footable foo_table_3721 ninja_table_unique_id_1796857757_3721 ui table  ninja_search_right nt_type_ajax_table vertical_centered  footable-paging-right hide_all_borders ninjatable_hide_header_row ninja_table_search_disabled ninja_table_pro\">\n                <colgroup>\n                            <col class=\"ninja_column_0 \">\n                    <\/colgroup>\n            <\/table>\n    \n    \n    \n<\/div>\n<\/p>\n<p> <\/a><a href=\"https:\/\/vogel.si\/en\/live-cameras\/\" target=\"_blank\" rel=\"\">  <\/p>\n<h3 style=\"text-align: center;\">LIVE CAMERAS<\/h3>\n<p>  <\/a>  <\/p>\n<p style=\"text-align: center;\">Snow height<\/p>\n<p style=\"text-align: left;\"><strong>Ski resort:&nbsp;<\/strong>\/<\/p>\n<p style=\"text-align: left;\"><strong>New snow:&nbsp;<\/strong>\/<\/p>\n<p style=\"text-align: left;\"><strong>Last snow: &nbsp;<\/strong>\/<\/p>\n<h3 style=\"text-align: center;\">Operating<\/h3>\n<p style=\"text-align: center;\"><strong>Cable car:<\/strong><span data-attr-id=\"32\" data-extra_key=\"4\" data-option-inline=\"1\" data-shortcode=\"thrive_global_fields\" data-shortcode-name=\"[Trenutno stanje] Obratovalni \u010das gondole\"><\/span><\/p>\n<p style=\"text-align: center;\"><strong>Ski resort:&nbsp;<\/strong><span data-shortcode=\"thrive_global_fields\" data-shortcode-name=\"[Trenutno stanje] Obratovalni \u010das naprave\" data-extra_key=\"4\" data-attr-id=\"33\" data-option-inline=\"1\"><\/span><\/p>\n<p style=\"text-align: center;\"><span data-attr-id=\"24\" data-extra_key=\"4\" data-option-inline=\"1\" data-shortcode=\"thrive_global_fields\" data-shortcode-name=\"[Trenutno stanje] Naprave\" style=\"\"><\/span> lifts<\/p>\n<p style=\"text-align: center;\"><span data-attr-id=\"31\" data-extra_key=\"4\" data-option-inline=\"1\" data-shortcode=\"thrive_global_fields\" data-shortcode-name=\"[Trenutno stanje] Proge\"><\/span> slopes<\/p>\n<p style=\"text-align: center;\">Cameras \/ Weather<\/p>\n<p style=\"text-align: center;\"><div id=\"footable_parent_3721\"\n         class=\"ninja-footable-loader footable_parent ninja_table_wrapper loading_ninja_table wp_table_data_press_parent semantic_ui \">\n                <table data-ninja_table_instance=\"ninja_table_instance_1\" data-footable_id=\"3721\" data-filter-delay=\"1000\" aria-label=\"Trenutno vreme (LIVE)\"            id=\"footable_3721\"\n           data-unique_identifier=\"ninja_table_unique_id_304281839_3721\"\n           class=\" foo-table ninja_footable foo_table_3721 ninja_table_unique_id_304281839_3721 ui table  ninja_search_right nt_type_ajax_table vertical_centered  footable-paging-right hide_all_borders ninjatable_hide_header_row ninja_table_search_disabled ninja_table_pro\">\n                <colgroup>\n                            <col class=\"ninja_column_0 \">\n                    <\/colgroup>\n            <\/table>\n    \n    \n    \n<\/div>\n<\/p>\n<p style=\"text-align: center;\">Snow level<\/p>\n<p style=\"text-align: center;\"><strong>Ski resort:&nbsp;<\/strong><span data-shortcode=\"thrive_global_fields\" data-shortcode-name=\"[Trenutno stanje] Sneg na smu\u010di\u0161\u010du\" data-extra_key=\"4\" data-attr-id=\"39\" data-option-inline=\"1\"><\/span><\/p>\n<p style=\"text-align: center;\"><strong>New snow:&nbsp;<\/strong><span data-shortcode=\"thrive_global_fields\" data-shortcode-name=\"[Trenutno stanje] Sneg v dolini\" data-extra_key=\"4\" data-attr-id=\"40\" data-option-inline=\"1\"><\/span><\/p>\n<p style=\"text-align: center;\"><strong>Last snow: &nbsp;<\/strong><span data-shortcode=\"thrive_global_fields\" data-shortcode-name=\"[Trenutno stanje] Zadnji\u010d sne\u017eilo\" data-extra_key=\"4\" data-attr-id=\"41\" data-option-inline=\"1\"><\/span><\/p>\n<h2>Ski center Vogel, one of the largest ski resorts in Slovenia<\/h2>\n<p style=\"\">Experience winter in a unique way at the Vogel ski resort, in the heart of the Triglav National Park. Vogel is one of the largest ski resorts in Slovenia, which will delight you with its beautiful views, snow-white slopes and natural snow.<\/p>\n<p style=\"\">You will take the gondola up into the untouched nature, where you can indulge in the pleasures of the ski slopes. The ski slopes of the Vogel ski resort are suitable for both beginners and experienced skiers. There are ideal slopes suitable for all levels of knowledge.<\/p>\n<p style=\"text-align: center;\">Due to regular maintenance work on the cable car, we <strong>WILL NOT BE OPERATING<br \/>from 7. 4. to 28. 4. 2026<\/strong>.<br \/>and<br \/><strong>from 21. 9. to cca 30. 11. 2026.&nbsp;<\/strong><\/p>\n<h5 style=\"\">Natural Snow, natural joy<\/h5>\n<p style=\"\">On Vogel, you&#8217;ll experience skiing on natural snow, which means you can indulge in true winter fun.<\/p>\n<h5>Diverse ski slopes<\/h5>\n<p style=\"\">With up to 22 km of ski slopes (depending on nature&#8217;s generosity with snow), you&#8217;ll find something for everyone, whether you&#8217;re a beginner, an experienced skier or a snowboarder. Vogel offers an exceptional variety of terrain to suit all tastes and skiing levels.<\/p>\n<h5>Adrenaline in the snow park<\/h5>\n<p>For those seeking an extra thrill, we offer one of the best snow parks in Slovenia, where you can express yourself through freestyle skiing or snowboarding&nbsp; and experience a real adrenaline adventure.<\/p>\n<h5 style=\"\">Rich cuisine<\/h5>\n<p style=\"\">During a day of skiing, enjoy the culinary delights in one of the ski resort&#8217;s restaurants. Taste local specialities, enjoy a warm lunch or simply have a pizza, all with a magnificent view of the surrounding mountains.<\/p>\n<h5>Quality ski school<\/h5>\n<p style=\"\">Vogel Ski School gives you the opportunity to improve your skiing or snowboarding skills or learn from scratch. Experienced and friendly teachers will make learning fun and effective.<\/p>\n<h5>Equipment rental and service at your fingertips<\/h5>\n<p style=\"\">Don&#8217;t have your own ski equipment? On Vogel, you can rent top-quality equipment that will allow you to ski with confidence. We are also here for any repairs or adjustments you may need.<\/p>\n<h2 style=\"text-align: left;\">Vogel Ski Resort &#8211; like a fairy tale<\/h2>\n<p style=\"\">Welcome to the Vogel Ski Centre, one of the largest ski resorts in Slovenia, where a snow fairy tale meets a supreme skiing experience.<\/p>\n<p style=\"color: rgba(255, 255, 255, 0.85) !important; --tcb-applied-color: rgba(255, 255, 255, 0.85) !important;\">Vogel is not just a ski resort; it&#8217;s a place where winter touches the heart. Join us for a truly magical experience that you&#8217;ll carry in your heart long after you&#8217;ve returned home.<\/p>\n<p style=\"\">Vogel &#8211; like a fairy tale<\/p>\n<h2 style=\"text-align: left;\">Vogel Ski Resort<\/h2>\n<p style=\"text-align: left;\">Experience winter in a unique way at Vogel Ski Resort, in the heart of Triglav National Park. Vogel is an incredibly beautiful high-altitude ski resort in Slovenia that will impress you with its location, stunning views, snow-white slopes, and natural snow.<\/p>\n<p>With the cable car, you will ascend into untouched nature, where you can indulge in the pleasures of the ski slopes. Vogel Ski Resort&#8217;s slopes are suitable for both beginners and experienced skiers, as you will easily find a slope adapted to your level of skills. <\/p>\n<p>Vogel is not just a ski resort, but also an opportunity to spend an active holiday in nature. When the ski lifts stop and the day skiers head down to the valley, you are practically alone, surrounded by nature. Observing the night sky and the morning dawn is something unforgettable. To experience this, you must stay at Vogel. And for lovers of untouched nature and tranquility, there are several accommodation options available.<\/p>\n<h2>Parking Regime<\/h2>\n<p><strong>Parking is allowed only in designated places!<\/strong><\/p>\n<p>Parking is not allowed everywhere else, even along regional roads. Otherwise you will have to pay a fine.<\/p>\n<p><a href=\"https:\/\/promet.bohinj.si\/en\/parking\/\" target=\"_blank\" style=\"outline: none;\" rel=\"noopener\">All parking spaces, including occupancy, can be found here<\/a>.<\/p>\n<h2 style=\"text-align: center;\">New on Vogel<\/h2>\n<h3 style=\"\">We have built you a panoramic, circular cabin cable car.<\/h3>\n<p style=\"\">From this winter season, a new circular cable car is in operation on the ski slope Orlove Glave &#8211; Zadnji Vogel.<\/p>\n<p style=\"\">You will get a few minutes to relax and enjoy the view in peace.<\/p>\n<p style=\"\">It will also operate during the main part of the summer season.<\/p>\n<p style=\"\"><em>* Please check the operation before visiting in summer.<\/em><\/p>\n<h2 style=\"text-align: center;\">Our offer<\/h2>\n<h5 style=\"\">Ski slopes and facilities<\/h5>\n<p style=\"\">In good snow conditions, there are up to 22 km of ski slopes with various ski lifts.<\/p>\n<h5 style=\"\">Delicious cuisine<\/h5>\n<p style=\"\">You can refresh and refuel in our four restaurants.<\/p>\n<p style=\"\"><\/p>\n<h5 style=\"\">Ski resort accommodation<\/h5>\n<p style=\"\">What&#8217;s better than waking up in the snow-capped mountains, enjoying the sunrise in pure peace.<\/p>\n<h5 style=\"\">Additional offer<\/h5>\n<p style=\"\">First time on skis? Don&#8217;t have or forgot a piece of ski equipment? Are you colder than you expected?<br \/>We have a solution for everything.<\/p>\n<h3>SEE YOU AT VOGEL!<\/h3>\n<p>Check the <a href=\"https:\/\/vogel.si\/en\/current-conditions\/\" style=\"outline: none;\">current conditions <\/a>and <a href=\"https:\/\/vogel.si\/en\/weather\/\" style=\"outline: none;\">weather forecast<\/a>,<br \/>pack your gear and head for Vogel Ski Resort in the morning.<br \/>We are waiting for you.<\/p>\n","protected":false},"excerpt":{"rendered":"<p>Vogel Ski Resort &#8211; like a fairy tale. <\/p>\n","protected":false},"author":2,"featured_media":2043,"parent":0,"menu_order":0,"comment_status":"closed","ping_status":"closed","template":"","meta":{"_acf_changed":false,"footnotes":""},"page-category":[],"sezona":[],"hf_cat_page":[],"class_list":["post-5124","page","type-page","status-publish","has-post-thumbnail","hentry","post-wrapper","thrv_wrapper"],"acf":[],"_links":{"self":[{"href":"https:\/\/vogel.si\/en\/wp-json\/wp\/v2\/pages\/5124","targetHints":{"allow":["GET"]}}],"collection":[{"href":"https:\/\/vogel.si\/en\/wp-json\/wp\/v2\/pages"}],"about":[{"href":"https:\/\/vogel.si\/en\/wp-json\/wp\/v2\/types\/page"}],"author":[{"embeddable":true,"href":"https:\/\/vogel.si\/en\/wp-json\/wp\/v2\/users\/2"}],"replies":[{"embeddable":true,"href":"https:\/\/vogel.si\/en\/wp-json\/wp\/v2\/comments?post=5124"}],"version-history":[{"count":46,"href":"https:\/\/vogel.si\/en\/wp-json\/wp\/v2\/pages\/5124\/revisions"}],"predecessor-version":[{"id":7974,"href":"https:\/\/vogel.si\/en\/wp-json\/wp\/v2\/pages\/5124\/revisions\/7974"}],"wp:featuredmedia":[{"embeddable":true,"href":"https:\/\/vogel.si\/en\/wp-json\/wp\/v2\/media\/2043"}],"wp:attachment":[{"href":"https:\/\/vogel.si\/en\/wp-json\/wp\/v2\/media?parent=5124"}],"wp:term":[{"taxonomy":"page-category","embeddable":true,"href":"https:\/\/vogel.si\/en\/wp-json\/wp\/v2\/page-category?post=5124"},{"taxonomy":"sezona","embeddable":true,"href":"https:\/\/vogel.si\/en\/wp-json\/wp\/v2\/sezona?post=5124"},{"taxonomy":"hf_cat_page","embeddable":true,"href":"https:\/\/vogel.si\/en\/wp-json\/wp\/v2\/hf_cat_page?post=5124"}],"curies":[{"name":"wp","href":"https:\/\/api.w.org\/{rel}","templated":true}]}}