{"id":4788,"date":"2024-02-10T00:07:48","date_gmt":"2024-02-09T22:07:48","guid":{"rendered":"https:\/\/vogel.si\/?page_id=4788"},"modified":"2025-06-06T22:11:17","modified_gmt":"2025-06-06T20:11:17","slug":"vogel-parking-and-public-transport","status":"publish","type":"page","link":"https:\/\/vogel.si\/en\/vogel-parking-and-public-transport\/","title":{"rendered":"Vogel &#8211; Parking and Public Transport"},"content":{"rendered":"<h2 style=\"text-align: center;\">PARKING INSTRUCTIONSFOR WINTER SEASON 2023\/24<\/h2>\n<p tve-droppable\"\"=\"\">Dear visitors,Please follow the recommendations for parking and public transport.You may park your vehicles exclusively in designated parking places.<\/p>\n<h3 style=\"\" tve-droppable\"\"=\"\">The parking lots near the lower station of the Vogel cable car are:<\/h3>\n<ul>\n<li><span style=\"\">Parking under the lower cable car station &#8211; <strong>free of charge<\/strong><\/span><\/li>\n<li><span style=\"\">P5 &#8211; Ukanc &#8211; Naklova glava &#8211; <strong>payable EUR 0,50&nbsp;<\/strong><\/span><\/li>\n<li><span style=\"\">P6 &#8211; Ukanc &#8211; intersection (macadam) &#8211; <strong>free of charge until 31.3.2024<\/strong><\/span><\/li>\n<li><span style=\"\">P19 &#8211; Ukanc &#8211; at the hotel Zlatorog &#8211;&nbsp;<strong>free of charge until 31.3.2024<\/strong><\/span><\/li>\n<\/ul>\n<p><span><img decoding=\"async\" alt=\"Parking lots - Vogel - Winter 2023-24\" width=\"533\" data-init-width=\"1239\" height=\"291\" data-init-height=\"677\" loading=\"lazy\" src=\"https:\/\/vogel.si\/wp-content\/uploads\/2024\/02\/Parking_2024_ENG.png\" data-width=\"533\" data-height=\"291\" style=\"aspect-ratio: auto 1239 \/ 677;\" data-id=\"4824\" title=\"Parking_2024_ENG\"><\/span><\/p>\n<p>To avoid searching for a free parking space, we suggest using the <a href=\"https:\/\/vogel.si\/en\/ski-bus-vogel-en\/\" style=\"outline: none;\">Vogel Ski Bus<\/a> or regular public transport.<\/p>\n<p>For arrivals by train, in cooperation with Destination Bohinj and Slovenian Railways, we offer you the &nbsp;<a href=\"https:\/\/vogel.si\/wp-content\/uploads\/2024\/01\/plakat_zima_ski_A4_24_m_01.pdf?x82421&amp;x82421&amp;x48359&amp;x32921\" style=\"outline: none;\" target=\"_blank\" rel=\"noopener\">Bohinj &#8211; Ski train Vogel<\/a>. The closest train station is <a href=\"https:\/\/potniski.sz.si\/vozni-red\/\" rel=\"noopener\" style=\"outline: none;\" target=\"_blank\">Bohinjska Bistrica<\/a>&nbsp;and the bus station&nbsp;<a href=\"https:\/\/arriva.si\/\" rel=\"noopener\" style=\"outline: none;\" target=\"_blank\">Vogel &#8211; kri\u017ei\u0161\u010de<\/a>.<\/p>\n<p><strong>Parking anywhere else, including on the main road, is not allowed and is subject to sanction by the traffic police.<\/strong> (Inter-municipal inspectorate and traffic police of the municipalities of Bled, Bohinj and \u017delezniki).<\/p>\n<p>We wish you a carefree visit to the <a href=\"https:\/\/vogel.si\/en\/\">Vogel ski resort<\/a>.<\/p>\n\n\n<p><\/p>\n","protected":false},"excerpt":{"rendered":"<p>PARKING INSTRUCTIONSFOR WINTER SEASON 2023\/24 Dear visitors,Please follow the recommendations for parking and public transport.You may park your vehicles exclusively in designated parking places. The parking lots near the lower station of the Vogel cable car are: Parking under the lower cable car station &#8211; free of charge P5 &#8211; Ukanc &#8211; Naklova glava &#8211; [&hellip;]<\/p>\n","protected":false},"author":2,"featured_media":6403,"parent":0,"menu_order":0,"comment_status":"closed","ping_status":"closed","template":"","meta":{"_acf_changed":false,"footnotes":""},"page-category":[],"sezona":[],"hf_cat_page":[],"class_list":["post-4788","page","type-page","status-publish","has-post-thumbnail","hentry","post-wrapper","thrv_wrapper"],"acf":[],"_links":{"self":[{"href":"https:\/\/vogel.si\/en\/wp-json\/wp\/v2\/pages\/4788","targetHints":{"allow":["GET"]}}],"collection":[{"href":"https:\/\/vogel.si\/en\/wp-json\/wp\/v2\/pages"}],"about":[{"href":"https:\/\/vogel.si\/en\/wp-json\/wp\/v2\/types\/page"}],"author":[{"embeddable":true,"href":"https:\/\/vogel.si\/en\/wp-json\/wp\/v2\/users\/2"}],"replies":[{"embeddable":true,"href":"https:\/\/vogel.si\/en\/wp-json\/wp\/v2\/comments?post=4788"}],"version-history":[{"count":9,"href":"https:\/\/vogel.si\/en\/wp-json\/wp\/v2\/pages\/4788\/revisions"}],"predecessor-version":[{"id":7653,"href":"https:\/\/vogel.si\/en\/wp-json\/wp\/v2\/pages\/4788\/revisions\/7653"}],"wp:featuredmedia":[{"embeddable":true,"href":"https:\/\/vogel.si\/en\/wp-json\/wp\/v2\/media\/6403"}],"wp:attachment":[{"href":"https:\/\/vogel.si\/en\/wp-json\/wp\/v2\/media?parent=4788"}],"wp:term":[{"taxonomy":"page-category","embeddable":true,"href":"https:\/\/vogel.si\/en\/wp-json\/wp\/v2\/page-category?post=4788"},{"taxonomy":"sezona","embeddable":true,"href":"https:\/\/vogel.si\/en\/wp-json\/wp\/v2\/sezona?post=4788"},{"taxonomy":"hf_cat_page","embeddable":true,"href":"https:\/\/vogel.si\/en\/wp-json\/wp\/v2\/hf_cat_page?post=4788"}],"curies":[{"name":"wp","href":"https:\/\/api.w.org\/{rel}","templated":true}]}}