{"id":4479,"date":"2023-12-15T08:48:08","date_gmt":"2023-12-15T06:48:08","guid":{"rendered":"https:\/\/vogel.si\/?page_id=4479"},"modified":"2026-02-19T15:49:27","modified_gmt":"2026-02-19T13:49:27","slug":"ski-bus-vogel-en","status":"publish","type":"page","link":"https:\/\/vogel.si\/en\/ski-bus-vogel-en\/","title":{"rendered":"Ski Bus Vogel"},"content":{"rendered":"<p style=\"text-align: left;\">It is expected to run from the end of December to the end of March.<\/p>\n<p>To make your skiing experience at the <a href=\"https:\/\/vogel.si\/ski-center-vogel\/\" style=\"outline: none;\">Vogel Ski Resort<\/a> as stress-free as possible, we suggest that you take public transport to the ski resort.<\/p>\n<p>In cooperation with destination Bohinj, we have set up the <strong>Vogel Ski Bus<\/strong> for you.<\/p>\n<p>With the <a href=\"https:\/\/www.bohinj.si\/kartica-julijske-alpe\/\" target=\"_blank\" style=\"outline: none;\" rel=\"noopener\">Julian Alps: Bohinj<\/a> card, you can ride the <a href=\"https:\/\/www.bohinj.si\/informacije\/ski-bus-bohinj\/\" target=\"_blank\" style=\"outline: none;\" rel=\"noopener\">Ski bus<\/a> for free, both with a free basic card as well as with a paid premium card.<\/p>\n<p><span><img decoding=\"async\" alt=\"Ski Bus Vogel\" width=\"386\" data-init-width=\"768\" height=\"257\" data-init-height=\"512\" loading=\"lazy\" src=\"https:\/\/vogel.si\/wp-content\/uploads\/2023\/12\/Ski-bus-Bohinj-768x512.jpg?x65273&amp;x43941&amp;x43941&amp;x43941&amp;x36435&amp;x10805&amp;x38841\" data-width=\"386\" data-height=\"257\" style=\"aspect-ratio: auto 768 \/ 512;\" data- title=\"\"><\/span><\/p>\n<h2>Vogel Ski bus timetable<\/h2>\n<p><strong><a href=\"https:\/\/www.bohinj.si\/en\/information\/ski-bus-bohinj\/\" target=\"_blank\" style=\"outline: none;\" rel=\"noopener\">Timetable during the winter holidays (February 15 \u2013 March 2, 2025)<\/a><\/strong><\/p>\n<p><span><a href=\"https:\/\/vogel.si\/wp-content\/uploads\/2025\/02\/SKI-BUS-Vogel_25.jpg?x65273&amp;x43941&amp;x43941&amp;x43941\" target=\"_blank\"><img decoding=\"async\" alt=\"Ski bus Vogel 2025\/26\" data-id=\"4428\" width=\"610\" data-init-width=\"651\" height=\"1124\" data-init-height=\"1200\" title=\"ski-bus-bohinj-vogel-2023-24\" loading=\"lazy\" src=\"https:\/\/vogel.si\/wp-content\/uploads\/2026\/01\/SKI-BUS_26_linije-1.jpg\" data-width=\"610\" data-height=\"1124\" style=\"aspect-ratio: auto 651 \/ 1200;\" data-link-wrap=\"true\"><\/a><\/span><\/p>\n<p>The Bohinj Ski Bus also goes to other destinations. <a href=\"https:\/\/www.bohinj.si\/informacije\/ski-bus-bohinj\/\" target=\"_blank\" style=\"outline: none;\" rel=\"noopener\">Click for more information about Ski Bus Bohinj<\/a>.<\/p>\n<h2>Regular public transport to the Vogel ski resort<\/h2>\n<p>Vogel Ski Resort can also be reached by regular public transport.<\/p>\n<p>For arrivals by train, in cooperation with destination Bohinj and Slovenian Railways, we offer you a good Bohinj &#8211; Ski Train Vogel deal.<\/p>\n<p>The closest train station is <a href=\"https:\/\/potniski.sz.si\/vozni-red\/\" target=\"_blank\" style=\"outline: none;\" rel=\"noopener\">Bohinjska Bistrica<\/a> and the closest bus station is <a href=\"https:\/\/arriva.si\/\" target=\"_blank\" style=\"outline: none;\" rel=\"noopener\">Vogel &#8211; kri\u017ei\u0161\u010de \/ crossroads<\/a>.<\/p>\n","protected":false},"excerpt":{"rendered":"<p>It is expected to run from the end of December to the end of March. To make your skiing experience at the Vogel Ski Resort as stress-free as possible, we suggest that you take public transport to the ski resort. In cooperation with destination Bohinj, we have set up the Vogel Ski Bus for you. [&hellip;]<\/p>\n","protected":false},"author":2,"featured_media":2415,"parent":0,"menu_order":0,"comment_status":"closed","ping_status":"closed","template":"","meta":{"_acf_changed":false,"footnotes":""},"page-category":[],"sezona":[50],"hf_cat_page":[],"class_list":["post-4479","page","type-page","status-publish","has-post-thumbnail","hentry","sezona-zi","post-wrapper","thrv_wrapper"],"acf":[],"_links":{"self":[{"href":"https:\/\/vogel.si\/en\/wp-json\/wp\/v2\/pages\/4479","targetHints":{"allow":["GET"]}}],"collection":[{"href":"https:\/\/vogel.si\/en\/wp-json\/wp\/v2\/pages"}],"about":[{"href":"https:\/\/vogel.si\/en\/wp-json\/wp\/v2\/types\/page"}],"author":[{"embeddable":true,"href":"https:\/\/vogel.si\/en\/wp-json\/wp\/v2\/users\/2"}],"replies":[{"embeddable":true,"href":"https:\/\/vogel.si\/en\/wp-json\/wp\/v2\/comments?post=4479"}],"version-history":[{"count":6,"href":"https:\/\/vogel.si\/en\/wp-json\/wp\/v2\/pages\/4479\/revisions"}],"predecessor-version":[{"id":7922,"href":"https:\/\/vogel.si\/en\/wp-json\/wp\/v2\/pages\/4479\/revisions\/7922"}],"wp:featuredmedia":[{"embeddable":true,"href":"https:\/\/vogel.si\/en\/wp-json\/wp\/v2\/media\/2415"}],"wp:attachment":[{"href":"https:\/\/vogel.si\/en\/wp-json\/wp\/v2\/media?parent=4479"}],"wp:term":[{"taxonomy":"page-category","embeddable":true,"href":"https:\/\/vogel.si\/en\/wp-json\/wp\/v2\/page-category?post=4479"},{"taxonomy":"sezona","embeddable":true,"href":"https:\/\/vogel.si\/en\/wp-json\/wp\/v2\/sezona?post=4479"},{"taxonomy":"hf_cat_page","embeddable":true,"href":"https:\/\/vogel.si\/en\/wp-json\/wp\/v2\/hf_cat_page?post=4479"}],"curies":[{"name":"wp","href":"https:\/\/api.w.org\/{rel}","templated":true}]}}