{"id":3011,"date":"2023-12-09T13:09:46","date_gmt":"2023-12-09T11:09:46","guid":{"rendered":"https:\/\/nova.vogel.si\/?page_id=3011"},"modified":"2025-04-08T13:01:31","modified_gmt":"2025-04-08T11:01:31","slug":"childrens-park","status":"publish","type":"page","link":"https:\/\/vogel.si\/en\/childrens-park\/","title":{"rendered":"Children&#8217;s Park Vogel"},"content":{"rendered":"<p>At Vogel, we take care of the youngest as well. Children have a magic carpet ski-lift (60m), a sledding track, and a carousel available in the snow park, which is especially suitable for children who are skiing for the first time. The children&#8217;s park is located right next to the upper station of the cable car.<\/p>\n<p><span><img decoding=\"async\" alt=\"Children's Park Vogel\" data-id=\"2318\" width=\"281\" height=\"261\" title=\"Vrtiljak na smu\u010di\u0161\u010du Vogel\" src=\"https:\/\/vogel.si\/wp-content\/uploads\/2023\/12\/Vrtiljak-na-smuciscu-Vogel-1024x683.jpg?x22591&amp;x22591&amp;x63811&amp;x63811&amp;x82860&amp;x82860&amp;x20716\" data-src=\"https:\/\/vogel.si\/wp-content\/uploads\/2023\/12\/Vrtiljak-na-smuciscu-Vogel-300x200.jpg?x22591&amp;x22591&amp;x63811&amp;x63811&amp;x82860&amp;x82860&amp;x20716\" loading=\"lazy\" data-sizes=\"{&quot;thumbnail&quot;:{&quot;url&quot;:&quot;https:\/\/vogel.si\/wp-content\/uploads\/2023\/12\/Vrtiljak-na-smuciscu-Vogel-150x150.jpg&quot;,&quot;height&quot;:150,&quot;width&quot;:150,&quot;orientation&quot;:&quot;landscape&quot;},&quot;medium&quot;:{&quot;url&quot;:&quot;https:\/\/vogel.si\/wp-content\/uploads\/2023\/12\/Vrtiljak-na-smuciscu-Vogel-300x200.jpg&quot;,&quot;height&quot;:200,&quot;width&quot;:300,&quot;orientation&quot;:&quot;landscape&quot;},&quot;large&quot;:{&quot;url&quot;:&quot;https:\/\/vogel.si\/wp-content\/uploads\/2023\/12\/Vrtiljak-na-smuciscu-Vogel-1024x683.jpg&quot;,&quot;height&quot;:683,&quot;width&quot;:1024,&quot;orientation&quot;:&quot;landscape&quot;},&quot;full&quot;:{&quot;url&quot;:&quot;https:\/\/vogel.si\/wp-content\/uploads\/2023\/12\/Vrtiljak-na-smuciscu-Vogel.jpg&quot;,&quot;height&quot;:800,&quot;width&quot;:1200,&quot;orientation&quot;:&quot;landscape&quot;}}\" data-width=\"281\" data-height=\"261\" data-init-width=\"1200\" data-init-height=\"800\" style=\"aspect-ratio: auto 1200 \/ 800;\"><\/span><span><img decoding=\"async\" alt=\"Teko\u010di trak na smu\u010di\u0161\u010du Vogel\" data-id=\"2322\" width=\"281\" height=\"261\" title=\"Teko\u010di trak na smu\u010di\u0161\u010du Vogel\" src=\"https:\/\/vogel.si\/wp-content\/uploads\/2023\/12\/Tekoci-trak-na-smuciscu-Vogel-1024x683.jpg?x22591&amp;x22591&amp;x63811&amp;x63811&amp;x82860&amp;x82860&amp;x20716\" data-src=\"https:\/\/vogel.si\/wp-content\/uploads\/2023\/12\/Tekoci-trak-na-smuciscu-Vogel-300x200.jpg?x22591&amp;x22591&amp;x63811&amp;x63811&amp;x82860&amp;x82860&amp;x20716\" loading=\"lazy\" data-sizes=\"{&quot;thumbnail&quot;:{&quot;url&quot;:&quot;https:\/\/vogel.si\/wp-content\/uploads\/2023\/12\/Tekoci-trak-na-smuciscu-Vogel-150x150.jpg&quot;,&quot;height&quot;:150,&quot;width&quot;:150,&quot;orientation&quot;:&quot;landscape&quot;},&quot;medium&quot;:{&quot;url&quot;:&quot;https:\/\/vogel.si\/wp-content\/uploads\/2023\/12\/Tekoci-trak-na-smuciscu-Vogel-300x200.jpg&quot;,&quot;height&quot;:200,&quot;width&quot;:300,&quot;orientation&quot;:&quot;landscape&quot;},&quot;large&quot;:{&quot;url&quot;:&quot;https:\/\/vogel.si\/wp-content\/uploads\/2023\/12\/Tekoci-trak-na-smuciscu-Vogel-1024x683.jpg&quot;,&quot;height&quot;:683,&quot;width&quot;:1024,&quot;orientation&quot;:&quot;landscape&quot;},&quot;full&quot;:{&quot;url&quot;:&quot;https:\/\/vogel.si\/wp-content\/uploads\/2023\/12\/Tekoci-trak-na-smuciscu-Vogel.jpg&quot;,&quot;height&quot;:800,&quot;width&quot;:1200,&quot;orientation&quot;:&quot;landscape&quot;}}\" data-width=\"281\" data-height=\"261\" data-init-width=\"1200\" data-init-height=\"800\" style=\"aspect-ratio: auto 1200 \/ 800;\"><\/span><span><img decoding=\"async\" alt=\"Za\u010detniki na Voglu\" data-id=\"2320\" width=\"281\" height=\"375\" title=\"Za\u010detniki na Voglu\" src=\"https:\/\/vogel.si\/wp-content\/uploads\/2023\/12\/Zacetniki-na-Voglu.jpg?x22591&amp;x22591&amp;x63811&amp;x63811&amp;x82860&amp;x82860&amp;x20716\" data-src=\"https:\/\/vogel.si\/wp-content\/uploads\/2023\/12\/Zacetniki-na-Voglu-225x300.jpg?x22591&amp;x22591&amp;x63811&amp;x63811&amp;x82860&amp;x82860&amp;x20716\" loading=\"lazy\" data-sizes=\"{&quot;thumbnail&quot;:{&quot;url&quot;:&quot;https:\/\/vogel.si\/wp-content\/uploads\/2023\/12\/Zacetniki-na-Voglu-150x150.jpg&quot;,&quot;height&quot;:150,&quot;width&quot;:150,&quot;orientation&quot;:&quot;landscape&quot;},&quot;medium&quot;:{&quot;url&quot;:&quot;https:\/\/vogel.si\/wp-content\/uploads\/2023\/12\/Zacetniki-na-Voglu-225x300.jpg&quot;,&quot;height&quot;:300,&quot;width&quot;:225,&quot;orientation&quot;:&quot;portrait&quot;},&quot;full&quot;:{&quot;url&quot;:&quot;https:\/\/vogel.si\/wp-content\/uploads\/2023\/12\/Zacetniki-na-Voglu.jpg&quot;,&quot;height&quot;:800,&quot;width&quot;:600,&quot;orientation&quot;:&quot;portrait&quot;}}\" data-width=\"281\" data-height=\"375\" data-init-width=\"600\" data-init-height=\"800\" style=\"aspect-ratio: auto 600 \/ 800;\"><\/span><\/p>\n<p>Children can spend their carefree hours in the park completely free of charge. Just like everywhere on the ski resort&#8217;s facilities, cable car\/ski lift personnel take care of the safety and operation of the equipment in the children&#8217;s park.<\/p>\n<h3 style=\"\">When parents are watching from above<\/h3>\n<p style=\"\">Parents can also keep an eye on their child from the terrace of the <a href=\"https:\/\/vogel.si\/en\/restaurant-viharnik\/\" style=\"outline: none;\">Viharnik restaurant,&nbsp;<\/a>which is located at the upper station of the cable car.<\/p>\n","protected":false},"excerpt":{"rendered":"<p>Children have access to a magic carpet (60 m), a sledging track and a carousel in the children&#8217;s park.<\/p>\n","protected":false},"author":2,"featured_media":2325,"parent":0,"menu_order":0,"comment_status":"closed","ping_status":"closed","template":"","meta":{"_acf_changed":false,"footnotes":""},"page-category":[236,235],"sezona":[50],"hf_cat_page":[],"class_list":["post-3011","page","type-page","status-publish","has-post-thumbnail","hentry","sezona-zi","post-wrapper","thrv_wrapper"],"acf":[],"_links":{"self":[{"href":"https:\/\/vogel.si\/en\/wp-json\/wp\/v2\/pages\/3011","targetHints":{"allow":["GET"]}}],"collection":[{"href":"https:\/\/vogel.si\/en\/wp-json\/wp\/v2\/pages"}],"about":[{"href":"https:\/\/vogel.si\/en\/wp-json\/wp\/v2\/types\/page"}],"author":[{"embeddable":true,"href":"https:\/\/vogel.si\/en\/wp-json\/wp\/v2\/users\/2"}],"replies":[{"embeddable":true,"href":"https:\/\/vogel.si\/en\/wp-json\/wp\/v2\/comments?post=3011"}],"version-history":[{"count":7,"href":"https:\/\/vogel.si\/en\/wp-json\/wp\/v2\/pages\/3011\/revisions"}],"predecessor-version":[{"id":7541,"href":"https:\/\/vogel.si\/en\/wp-json\/wp\/v2\/pages\/3011\/revisions\/7541"}],"wp:featuredmedia":[{"embeddable":true,"href":"https:\/\/vogel.si\/en\/wp-json\/wp\/v2\/media\/2325"}],"wp:attachment":[{"href":"https:\/\/vogel.si\/en\/wp-json\/wp\/v2\/media?parent=3011"}],"wp:term":[{"taxonomy":"page-category","embeddable":true,"href":"https:\/\/vogel.si\/en\/wp-json\/wp\/v2\/page-category?post=3011"},{"taxonomy":"sezona","embeddable":true,"href":"https:\/\/vogel.si\/en\/wp-json\/wp\/v2\/sezona?post=3011"},{"taxonomy":"hf_cat_page","embeddable":true,"href":"https:\/\/vogel.si\/en\/wp-json\/wp\/v2\/hf_cat_page?post=3011"}],"curies":[{"name":"wp","href":"https:\/\/api.w.org\/{rel}","templated":true}]}}