{"id":2808,"date":"2023-11-06T11:05:47","date_gmt":"2023-11-06T09:05:47","guid":{"rendered":"https:\/\/nova.vogel.si\/?page_id=2808"},"modified":"2025-04-08T13:00:03","modified_gmt":"2025-04-08T11:00:03","slug":"zadnji-vogel-circular-cable-car-ride","status":"publish","type":"page","link":"https:\/\/vogel.si\/en\/zadnji-vogel-circular-cable-car-ride\/","title":{"rendered":"Zadnji Vogel Circular Cable Car Ride"},"content":{"rendered":"<p style=\"\">A new addition to Vogel Ski Resort is the Zadnji Vogel circular cabin cable car, which has replaced the over 40-year-old Zadnji Vogel double-seater chairlift.<\/p>\n<p style=\"\">The circular cable car, or CCC for short, consists of twenty-four cabins, each with a capacity for ten people. In them, you can have a few minutes to relax, sheltered from the wind.<\/p>\n<p>The ski compartment is located outside, on the side of the cabin. This allows you to relax in the cabin and enjoy the view.<\/p>\n<p><span><img decoding=\"async\" alt=\"KK\u017d Zadnji Vogel - postaja\" data-id=\"1931\" width=\"1067\" height=\"800\" title=\"KK\u017d Zadnji Vogel - postaja\" src=\"https:\/\/vogel.si\/wp-content\/uploads\/2023\/12\/KKZ-Zadnji-Vogel-postaja-1024x768.jpg?x22591&amp;x22591&amp;x87356&amp;x87356&amp;x87356&amp;x87356&amp;x87356&amp;x87356&amp;x56153&amp;x42874&amp;x23283&amp;x23283&amp;x23283\" data-src=\"https:\/\/vogel.si\/wp-content\/uploads\/2023\/12\/KKZ-Zadnji-Vogel-postaja.jpg?x22591&amp;x22591&amp;x87356&amp;x87356&amp;x87356&amp;x87356&amp;x87356&amp;x87356&amp;x56153&amp;x42874&amp;x23283&amp;x23283&amp;x23283\" loading=\"lazy\" data-sizes=\"{&quot;thumbnail&quot;:{&quot;url&quot;:&quot;https:\/\/vogel.si\/wp-content\/uploads\/2023\/12\/KKZ-Zadnji-Vogel-postaja-150x150.jpg&quot;,&quot;height&quot;:150,&quot;width&quot;:150,&quot;orientation&quot;:&quot;landscape&quot;},&quot;medium&quot;:{&quot;url&quot;:&quot;https:\/\/vogel.si\/wp-content\/uploads\/2023\/12\/KKZ-Zadnji-Vogel-postaja-300x225.jpg&quot;,&quot;height&quot;:225,&quot;width&quot;:300,&quot;orientation&quot;:&quot;landscape&quot;},&quot;large&quot;:{&quot;url&quot;:&quot;https:\/\/vogel.si\/wp-content\/uploads\/2023\/12\/KKZ-Zadnji-Vogel-postaja-1024x768.jpg&quot;,&quot;height&quot;:768,&quot;width&quot;:1024,&quot;orientation&quot;:&quot;landscape&quot;},&quot;full&quot;:{&quot;url&quot;:&quot;https:\/\/vogel.si\/wp-content\/uploads\/2023\/12\/KKZ-Zadnji-Vogel-postaja.jpg&quot;,&quot;height&quot;:800,&quot;width&quot;:1067,&quot;orientation&quot;:&quot;landscape&quot;}}\" style=\"\"><\/span><span><img decoding=\"async\" alt=\"KK\u017d Zadnji Vogel - 24 kabin\" data-id=\"1933\" width=\"1067\" height=\"800\" title=\"KK\u017d Zadnji Vogel - 24 kabin\" src=\"https:\/\/vogel.si\/wp-content\/uploads\/2023\/12\/KKZ-Zadnji-Vogel-24-kabin-1024x768.jpg?x22591&amp;x22591&amp;x87356&amp;x87356&amp;x87356&amp;x87356&amp;x87356&amp;x87356&amp;x56153&amp;x42874&amp;x23283&amp;x23283&amp;x23283\" data-src=\"https:\/\/vogel.si\/wp-content\/uploads\/2023\/12\/KKZ-Zadnji-Vogel-24-kabin.jpg?x22591&amp;x22591&amp;x87356&amp;x87356&amp;x87356&amp;x87356&amp;x87356&amp;x87356&amp;x56153&amp;x42874&amp;x23283&amp;x23283&amp;x23283\" loading=\"lazy\" data-sizes=\"{&quot;thumbnail&quot;:{&quot;url&quot;:&quot;https:\/\/vogel.si\/wp-content\/uploads\/2023\/12\/KKZ-Zadnji-Vogel-24-kabin-150x150.jpg&quot;,&quot;height&quot;:150,&quot;width&quot;:150,&quot;orientation&quot;:&quot;landscape&quot;},&quot;medium&quot;:{&quot;url&quot;:&quot;https:\/\/vogel.si\/wp-content\/uploads\/2023\/12\/KKZ-Zadnji-Vogel-24-kabin-300x225.jpg&quot;,&quot;height&quot;:225,&quot;width&quot;:300,&quot;orientation&quot;:&quot;landscape&quot;},&quot;large&quot;:{&quot;url&quot;:&quot;https:\/\/vogel.si\/wp-content\/uploads\/2023\/12\/KKZ-Zadnji-Vogel-24-kabin-1024x768.jpg&quot;,&quot;height&quot;:768,&quot;width&quot;:1024,&quot;orientation&quot;:&quot;landscape&quot;},&quot;full&quot;:{&quot;url&quot;:&quot;https:\/\/vogel.si\/wp-content\/uploads\/2023\/12\/KKZ-Zadnji-Vogel-24-kabin.jpg&quot;,&quot;height&quot;:800,&quot;width&quot;:1067,&quot;orientation&quot;:&quot;landscape&quot;}}\" style=\"\"><\/span><span><img decoding=\"async\" alt=\"Kro\u017eno kabinska \u017ei\u010dnica - KK\u017d Zadnji Vogel - kabina\" data-id=\"1930\" width=\"533\" height=\"800\" title=\"KK\u017d Zadnji Vogel - kabina\" src=\"https:\/\/vogel.si\/wp-content\/uploads\/2023\/12\/KKZ-Zadnji-Vogel-kabina-200x300.jpg?x22591&amp;x22591&amp;x87356&amp;x87356&amp;x87356&amp;x87356&amp;x87356&amp;x87356&amp;x56153&amp;x42874&amp;x23283&amp;x23283&amp;x23283\" data-src=\"https:\/\/vogel.si\/wp-content\/uploads\/2023\/12\/KKZ-Zadnji-Vogel-kabina.jpg?x22591&amp;x22591&amp;x87356&amp;x87356&amp;x87356&amp;x87356&amp;x87356&amp;x87356&amp;x56153&amp;x42874&amp;x23283&amp;x23283&amp;x23283\" loading=\"lazy\" data-sizes=\"{&quot;thumbnail&quot;:{&quot;url&quot;:&quot;https:\/\/vogel.si\/wp-content\/uploads\/2023\/12\/KKZ-Zadnji-Vogel-kabina-150x150.jpg&quot;,&quot;height&quot;:150,&quot;width&quot;:150,&quot;orientation&quot;:&quot;landscape&quot;},&quot;medium&quot;:{&quot;url&quot;:&quot;https:\/\/vogel.si\/wp-content\/uploads\/2023\/12\/KKZ-Zadnji-Vogel-kabina-200x300.jpg&quot;,&quot;height&quot;:300,&quot;width&quot;:200,&quot;orientation&quot;:&quot;portrait&quot;},&quot;full&quot;:{&quot;url&quot;:&quot;https:\/\/vogel.si\/wp-content\/uploads\/2023\/12\/KKZ-Zadnji-Vogel-kabina.jpg&quot;,&quot;height&quot;:800,&quot;width&quot;:533,&quot;orientation&quot;:&quot;portrait&quot;}}\" style=\"\"><\/span><span><img decoding=\"async\" alt=\"KK\u017d Zadnji Vogel - razgled\" data-id=\"1932\" width=\"600\" height=\"800\" title=\"KK\u017d Zadnji Vogel - razgled\" src=\"https:\/\/vogel.si\/wp-content\/uploads\/2023\/12\/KKZ-Zadnji-Vogel-razgled-225x300.jpg?x22591&amp;x22591&amp;x87356&amp;x87356&amp;x87356&amp;x87356&amp;x87356&amp;x87356&amp;x56153&amp;x42874&amp;x23283&amp;x23283&amp;x23283\" data-src=\"https:\/\/vogel.si\/wp-content\/uploads\/2023\/12\/KKZ-Zadnji-Vogel-razgled.jpg?x22591&amp;x22591&amp;x87356&amp;x87356&amp;x87356&amp;x87356&amp;x87356&amp;x87356&amp;x56153&amp;x42874&amp;x23283&amp;x23283&amp;x23283\" loading=\"lazy\" data-sizes=\"{&quot;thumbnail&quot;:{&quot;url&quot;:&quot;https:\/\/vogel.si\/wp-content\/uploads\/2023\/12\/KKZ-Zadnji-Vogel-razgled-150x150.jpg&quot;,&quot;height&quot;:150,&quot;width&quot;:150,&quot;orientation&quot;:&quot;landscape&quot;},&quot;medium&quot;:{&quot;url&quot;:&quot;https:\/\/vogel.si\/wp-content\/uploads\/2023\/12\/KKZ-Zadnji-Vogel-razgled-225x300.jpg&quot;,&quot;height&quot;:300,&quot;width&quot;:225,&quot;orientation&quot;:&quot;portrait&quot;},&quot;full&quot;:{&quot;url&quot;:&quot;https:\/\/vogel.si\/wp-content\/uploads\/2023\/12\/KKZ-Zadnji-Vogel-razgled.jpg&quot;,&quot;height&quot;:800,&quot;width&quot;:600,&quot;orientation&quot;:&quot;portrait&quot;}}\" style=\"\"><\/span><span><img decoding=\"async\" alt=\"MGT\u0160\" data-id=\"5518\" width=\"655\" height=\"157\" title=\"MGTS\" src=\"https:\/\/vogel.si\/wp-content\/uploads\/2024\/03\/MGTS-300x72.png?x22591&amp;x22591\" data-src=\"https:\/\/vogel.si\/wp-content\/uploads\/2024\/03\/MGTS-300x72.png?x22591&amp;x22591\" loading=\"lazy\" data-sizes=\"{&quot;thumbnail&quot;:{&quot;url&quot;:&quot;https:\/\/vogel.si\/wp-content\/uploads\/2024\/03\/MGTS-150x150.png&quot;,&quot;height&quot;:150,&quot;width&quot;:150,&quot;orientation&quot;:&quot;landscape&quot;},&quot;medium&quot;:{&quot;url&quot;:&quot;https:\/\/vogel.si\/wp-content\/uploads\/2024\/03\/MGTS-300x72.png&quot;,&quot;height&quot;:72,&quot;width&quot;:300,&quot;orientation&quot;:&quot;landscape&quot;},&quot;full&quot;:{&quot;url&quot;:&quot;https:\/\/vogel.si\/wp-content\/uploads\/2024\/03\/MGTS.png&quot;,&quot;height&quot;:157,&quot;width&quot;:655,&quot;orientation&quot;:&quot;landscape&quot;}}\" style=\"\"><\/span><span><img decoding=\"async\" alt=\"Evropski sklad za regionalni razvoj\" data-id=\"5484\" width=\"400\" height=\"193\" title=\"Evropski_sklad_za_regionalni_razvoj\" src=\"https:\/\/vogel.si\/wp-content\/uploads\/2024\/03\/Evropski_sklad_za_regionalni_razvoj-300x145.jpg?x22591&amp;x22591\" data-src=\"https:\/\/vogel.si\/wp-content\/uploads\/2024\/03\/Evropski_sklad_za_regionalni_razvoj-300x145.jpg?x22591&amp;x22591\" loading=\"lazy\" data-sizes=\"{&quot;thumbnail&quot;:{&quot;url&quot;:&quot;https:\/\/vogel.si\/wp-content\/uploads\/2024\/03\/Evropski_sklad_za_regionalni_razvoj-150x150.jpg&quot;,&quot;height&quot;:150,&quot;width&quot;:150,&quot;orientation&quot;:&quot;landscape&quot;},&quot;medium&quot;:{&quot;url&quot;:&quot;https:\/\/vogel.si\/wp-content\/uploads\/2024\/03\/Evropski_sklad_za_regionalni_razvoj-300x145.jpg&quot;,&quot;height&quot;:145,&quot;width&quot;:300,&quot;orientation&quot;:&quot;landscape&quot;},&quot;full&quot;:{&quot;url&quot;:&quot;https:\/\/vogel.si\/wp-content\/uploads\/2024\/03\/Evropski_sklad_za_regionalni_razvoj.jpg&quot;,&quot;height&quot;:193,&quot;width&quot;:400,&quot;orientation&quot;:&quot;landscape&quot;}}\" style=\"\"><\/span><\/p>\n","protected":false},"excerpt":{"rendered":"<p>A new addition to Vogel Ski Resort is the Zadnji Vogel circular cabin cable car, which has replaced the over 40-year-old Zadnji Vogel double-seater chairlift. The circular cable car, or CCC for short, consists of twenty-four cabins, each with a capacity for ten people. In them, you can have a few minutes to relax, sheltered [&hellip;]<\/p>\n","protected":false},"author":2,"featured_media":2234,"parent":0,"menu_order":0,"comment_status":"closed","ping_status":"closed","template":"","meta":{"_acf_changed":false,"footnotes":""},"page-category":[],"sezona":[],"hf_cat_page":[],"class_list":["post-2808","page","type-page","status-publish","has-post-thumbnail","hentry","post-wrapper","thrv_wrapper"],"acf":[],"_links":{"self":[{"href":"https:\/\/vogel.si\/en\/wp-json\/wp\/v2\/pages\/2808","targetHints":{"allow":["GET"]}}],"collection":[{"href":"https:\/\/vogel.si\/en\/wp-json\/wp\/v2\/pages"}],"about":[{"href":"https:\/\/vogel.si\/en\/wp-json\/wp\/v2\/types\/page"}],"author":[{"embeddable":true,"href":"https:\/\/vogel.si\/en\/wp-json\/wp\/v2\/users\/2"}],"replies":[{"embeddable":true,"href":"https:\/\/vogel.si\/en\/wp-json\/wp\/v2\/comments?post=2808"}],"version-history":[{"count":7,"href":"https:\/\/vogel.si\/en\/wp-json\/wp\/v2\/pages\/2808\/revisions"}],"predecessor-version":[{"id":7539,"href":"https:\/\/vogel.si\/en\/wp-json\/wp\/v2\/pages\/2808\/revisions\/7539"}],"wp:featuredmedia":[{"embeddable":true,"href":"https:\/\/vogel.si\/en\/wp-json\/wp\/v2\/media\/2234"}],"wp:attachment":[{"href":"https:\/\/vogel.si\/en\/wp-json\/wp\/v2\/media?parent=2808"}],"wp:term":[{"taxonomy":"page-category","embeddable":true,"href":"https:\/\/vogel.si\/en\/wp-json\/wp\/v2\/page-category?post=2808"},{"taxonomy":"sezona","embeddable":true,"href":"https:\/\/vogel.si\/en\/wp-json\/wp\/v2\/sezona?post=2808"},{"taxonomy":"hf_cat_page","embeddable":true,"href":"https:\/\/vogel.si\/en\/wp-json\/wp\/v2\/hf_cat_page?post=2808"}],"curies":[{"name":"wp","href":"https:\/\/api.w.org\/{rel}","templated":true}]}}