{"id":2585,"date":"2023-10-27T17:05:44","date_gmt":"2023-10-27T15:05:44","guid":{"rendered":"https:\/\/nova.vogel.si\/?page_id=2585"},"modified":"2025-04-08T12:42:43","modified_gmt":"2025-04-08T10:42:43","slug":"ski-lifts-and-piste","status":"publish","type":"page","link":"https:\/\/vogel.si\/en\/ski-lifts-and-piste\/","title":{"rendered":"Ski Lifts and Slopes at Vogel Ski Centre"},"content":{"rendered":"<h2 id=\"t-1698419153306\" style=\"\">Operating hours<\/h2>\n<table data-rows=\"3\" data-cols=\"2\">\n<thead><\/thead>\n<tbody>\n<tr>\n<td data-th=\"Product Name                    \" style=\"\">\n<p style=\"text-align: left;\"><strong>Cable car<\/strong><\/p>\n<\/td>\n<td data-th=\"Store Name                    \" style=\"\">\n<p style=\"\">Zaprto do \/ closed to cca 28. 4. 2026<\/p>\n<\/td>\n<\/tr>\n<tr>\n<td data-th=\"Smu\u010di\u0161\u010de obratuje *\" style=\"\" rowspan=\"1\" colspan=\"1\">\n<p style=\"text-align: left;\"><strong>Ski resort is in operation*<\/strong><\/p>\n<\/td>\n<td data-th=\"08:00 - 16:00\" style=\"\" rowspan=\"1\" colspan=\"1\">\n<p style=\"\">\/<\/p>\n<\/td>\n<\/tr>\n<tr>\n<td data-th=\"Smu\u010di\u0161\u010de obratuje *\" style=\"height: 50px;\">\n<p style=\"text-align: left;\">Snow park<\/p>\n<\/td>\n<td data-th=\"08:00 - 16:00\" style=\"\">\n<p>approximately 09:30 to 15:30<\/p>\n<\/td>\n<\/tr>\n<\/tbody>\n<\/table>\n<p style=\"\">* Part of the ski lifts stops operating 30 minutes earlier. Check the&nbsp;<a href=\"#naprave-zima\" jump-animation=\"smooth\" style=\"outline: none;\">operating time of each lift.<\/a><\/p>\n<p><span><img decoding=\"async\" alt=\"Sede\u017enica na Voglu\" data-id=\"1336\" width=\"500\" data-init-width=\"800\" height=\"333\" data-init-height=\"533\" title=\"Sedeznica\" loading=\"lazy\" src=\"https:\/\/vogel.si\/wp-content\/uploads\/2023\/11\/Sedeznica.jpg?x22591&amp;x22591&amp;x33282&amp;x81262&amp;x81262\" data-width=\"500\" data-height=\"333\" style=\"aspect-ratio: auto 800 \/ 533;\"><\/span><\/p>\n<h2 id=\"t-1698429316973\" style=\"text-align: center;\">Specification of ski lifts on Vogel ski resort<\/h2>\n<h3 id=\"t-1698429316974\">1. Four-seater chairlift Brunarica&nbsp;<\/h3>\n<p>Operating time: \/Length: 166m Altitude difference: 37m Slope Angle (gradient): Capacity: 1200 oseb \/ h<\/p>\n<h3 id=\"t-1698429316975\">2. T-bar lift Store\u010d<\/h3>\n<p>Operating time: \/Length: 387 m Altitude difference: 74m Slope Angle (gradient): 15 %Capacity: 1000 oseb \/ h<\/p>\n<h3 id=\"t-1698429316976\">3. Four-seater chairlift Orlove glave&nbsp;<\/h3>\n<p>Operating time: \/Length: 1109 m Altitude difference: 174 m Slope Angle (gradient): Capacity: 1800 oseb \/ h<\/p>\n<h3 id=\"t-1698429316977\">4. T-bar lift Konta&nbsp;<\/h3>\n<p>Operating time: \/Length: 257m Altitude difference: 79m Slope Angle (gradient): 26 %Capacity: 1192 oseb \/ h<\/p>\n<h3 id=\"t-1698429316978\">5. T-bar lift Kratki plaz&nbsp;<\/h3>\n<p>Operating time: \/Length: 549 m Altitude difference: 129 m Slope Angle (gradient): 23 %Capacity: 910 oseb \/ h<\/p>\n<h3 id=\"t-1698429316979\">6. <strong>Single-seater chairlift&nbsp;<\/strong>\u0160ija&nbsp;<\/h3>\n<p>Operating time: \/Length: 1078 m Altitude difference: 129 m Slope Angle (gradient): 12 %Capacity: 450 oseb \/ h<\/p>\n<h3 id=\"t-1698429316980\">7. Circular cabin cable car Zadnji Vogel &#8211; NEW!<\/h3>\n<p>Operating time: \/Length: 1124 m Altitude difference: 358 m Slope Angle (gradient): 30 %Capacity: ? oseb \/ h<\/p>\n<h3 id=\"t-1698429316981\">8. Magic carpet ski lift<\/h3>\n<p>Operating time: \/Length: ? m Altitude difference: ? m Slope Angle (gradient): Capacity: ? oseb \/ h<\/p>\n<h3 id=\"t-1698429316982\">9. Cable car\/Aerial tramway<\/h3>\n<p style=\"\">Operating time: Zaprto do \/ closed to cca 28. 4. 2026Length: 1663 m Lower station: 569 mnm Upper station: 1535 mnmAltitude difference: 956 mSlope Angle (gradient): Capacity: 950 oseb \/ h<\/p>\n<h2 style=\"text-align: center;\">Trail map Vogel \u2013 Bohinj<\/h2>\n<p><span><img decoding=\"async\" alt=\"Proge na smu\u010di\u0161\u010du Vogel\" data-id=\"642\" width=\"1247\" data-init-width=\"1920\" height=\"1387\" data-init-height=\"2135\" title=\"Vogel zemljevid prog-min\" loading=\"lazy\" src=\"https:\/\/vogel.si\/wp-content\/uploads\/2023\/10\/Vogel-zemljevid-prog-min.png?x22591&amp;x22591&amp;x33282&amp;x81262&amp;x81262\" data-width=\"1247\" data-height=\"1387\" style=\"aspect-ratio: auto 1920 \/ 2135;\"><\/span><\/p>\n<h3 style=\"\" id=\"t-1699956402189\">Ski trails<\/h3>\n<ol>\n<li style=\"\"><span style=\"\">1<\/span><span style=\"\">Brunarica | <span style=\"font-weight: normal;\">320 m<\/span><\/span><\/li>\n<li style=\"\"><span style=\"\">2<\/span><span style=\"\">Store\u010d | <span style=\"font-weight: normal;\">400 m<\/span><\/span><\/li>\n<li style=\"\"><span style=\"\">3<\/span><span style=\"\">Store\u010d &#8211; obvoznica | <span style=\"font-weight: normal;\">640 m<\/span><\/span><\/li>\n<li style=\"\"><span style=\"\">4<\/span><span style=\"\">Orlove glave | <span style=\"font-weight: normal;\">1300 m<\/span><\/span><\/li>\n<li style=\"\"><span style=\"\">5<\/span><span style=\"\">Konta | <span style=\"font-weight: normal;\">250 m<\/span><\/span><\/li>\n<li style=\"\"><span style=\"\">6<\/span><span style=\"\">Konta &#8211; obvoznica |<span style=\"font-weight: normal;\"> 480 m<\/span><\/span><\/li>\n<li style=\"\"><span style=\"\">7<\/span><span style=\"\">Kratki plaz | <span style=\"font-weight: normal;\">520 m<\/span><\/span><\/li>\n<li style=\"\"><span style=\"\">8<\/span><span style=\"\">Kratki plaz &#8211; obvoznica | <span style=\"font-weight: normal;\">940 m<\/span><\/span><\/li>\n<li style=\"\"><span style=\"\">9<\/span><span style=\"\">\u0160ija &#8211; Konta | <span style=\"font-weight: normal;\">1250 m<\/span><\/span><\/li>\n<li style=\"\"><span style=\"\">10<\/span><span style=\"\">\u0160ija &#8211; Zadnji Vogel | <span style=\"font-weight: normal;\">1380 m<\/span><\/span><\/li>\n<li style=\"\"><span style=\"\">11<\/span><span style=\"\">Orlove glave &#8211; Zadnji Vogel | <span style=\"font-weight: normal;\">2100 m<\/span><\/span><\/li>\n<li style=\"\"><span style=\"\">12<\/span><span style=\"\">Brunarica &#8211; Zadnji Vogel | <span style=\"font-weight: normal;\">2200 m<\/span><\/span><\/li>\n<li style=\"\"><span style=\"\">13<\/span><span style=\"\">\u017dagarjev graben | <span style=\"font-weight: normal;\">6800 m<\/span><\/span><\/li>\n<li style=\"\"><span style=\"\">14<\/span><span style=\"\">Snow park &#8211; area |&nbsp;<\/span><\/li>\n<li style=\"\"><span style=\"\">15<\/span><span style=\"\">Children&#8217;s park &#8211; area |&nbsp;<\/span><\/li>\n<\/ol>\n<p style=\"\">Legend:<\/p>\n<ul>\n<li style=\"\"><span style=\"\">Blue: Easy ski trail<\/span><\/li>\n<li style=\"\"><span style=\"\">Red: Medium difficulty ski trail<\/span><\/li>\n<li style=\"\"><span style=\"\">Black: Difficult ski trail (not on Vogel)<\/span><\/li>\n<\/ul>\n","protected":false},"excerpt":{"rendered":"<p>Operating hours Cable car Ski resort is in operation* Snow park approximately 09:30 to 15:30 * Part of the ski lifts stops operating 30 minutes earlier. Check the&nbsp;operating time of each lift. Specification of ski lifts on Vogel ski resort 1. Four-seater chairlift Brunarica&nbsp; Operating time: Length: 166m Altitude difference: 37m Slope Angle (gradient): Capacity: [&hellip;]<\/p>\n","protected":false},"author":2,"featured_media":741,"parent":0,"menu_order":0,"comment_status":"closed","ping_status":"closed","template":"","meta":{"_acf_changed":false,"footnotes":""},"page-category":[],"sezona":[],"hf_cat_page":[],"class_list":["post-2585","page","type-page","status-publish","has-post-thumbnail","hentry","post-wrapper","thrv_wrapper"],"acf":[],"_links":{"self":[{"href":"https:\/\/vogel.si\/en\/wp-json\/wp\/v2\/pages\/2585","targetHints":{"allow":["GET"]}}],"collection":[{"href":"https:\/\/vogel.si\/en\/wp-json\/wp\/v2\/pages"}],"about":[{"href":"https:\/\/vogel.si\/en\/wp-json\/wp\/v2\/types\/page"}],"author":[{"embeddable":true,"href":"https:\/\/vogel.si\/en\/wp-json\/wp\/v2\/users\/2"}],"replies":[{"embeddable":true,"href":"https:\/\/vogel.si\/en\/wp-json\/wp\/v2\/comments?post=2585"}],"version-history":[{"count":5,"href":"https:\/\/vogel.si\/en\/wp-json\/wp\/v2\/pages\/2585\/revisions"}],"predecessor-version":[{"id":7528,"href":"https:\/\/vogel.si\/en\/wp-json\/wp\/v2\/pages\/2585\/revisions\/7528"}],"wp:featuredmedia":[{"embeddable":true,"href":"https:\/\/vogel.si\/en\/wp-json\/wp\/v2\/media\/741"}],"wp:attachment":[{"href":"https:\/\/vogel.si\/en\/wp-json\/wp\/v2\/media?parent=2585"}],"wp:term":[{"taxonomy":"page-category","embeddable":true,"href":"https:\/\/vogel.si\/en\/wp-json\/wp\/v2\/page-category?post=2585"},{"taxonomy":"sezona","embeddable":true,"href":"https:\/\/vogel.si\/en\/wp-json\/wp\/v2\/sezona?post=2585"},{"taxonomy":"hf_cat_page","embeddable":true,"href":"https:\/\/vogel.si\/en\/wp-json\/wp\/v2\/hf_cat_page?post=2585"}],"curies":[{"name":"wp","href":"https:\/\/api.w.org\/{rel}","templated":true}]}}